{"id":1124,"date":"2024-05-10T03:44:18","date_gmt":"2024-05-10T03:44:18","guid":{"rendered":"https:\/\/urutaurpg.com.br\/villapark\/?page_id=1124"},"modified":"2025-08-05T12:09:55","modified_gmt":"2025-08-05T12:09:55","slug":"quem-somos","status":"publish","type":"page","link":"https:\/\/villaparkhotel.com.br\/en\/quem-somos\/","title":{"rendered":"Quem Somos"},"content":{"rendered":"<div data-elementor-type=\"wp-page\" data-elementor-id=\"1124\" class=\"elementor elementor-1124\" data-elementor-post-type=\"page\">\n\t\t\t\t<div class=\"elementor-element elementor-element-54b0ae23 e-con-full e-flex wpr-particle-no wpr-jarallax-no wpr-parallax-no wpr-sticky-section-no e-con e-parent\" data-id=\"54b0ae23\" data-element_type=\"container\">\n\t\t\t\t<div class=\"elementor-element elementor-element-2e7736fc elementor-widget__width-inherit elementor--h-position-center elementor--v-position-middle elementor-arrows-position-inside elementor-widget elementor-widget-slides\" data-id=\"2e7736fc\" data-element_type=\"widget\" data-settings=\"{&quot;navigation&quot;:&quot;arrows&quot;,&quot;autoplay_speed&quot;:1000,&quot;autoplay&quot;:&quot;yes&quot;,&quot;pause_on_hover&quot;:&quot;yes&quot;,&quot;pause_on_interaction&quot;:&quot;yes&quot;,&quot;infinite&quot;:&quot;yes&quot;,&quot;transition&quot;:&quot;slide&quot;,&quot;transition_speed&quot;:500}\" data-widget_type=\"slides.default\">\n\t\t\t\t<div class=\"elementor-widget-container\">\n\t\t\t\t\t\t\t\t\t<div class=\"elementor-swiper\">\n\t\t\t\t\t<div class=\"elementor-slides-wrapper elementor-main-swiper swiper\" role=\"region\" aria-roledescription=\"carousel\" aria-label=\"Slides\" dir=\"ltr\" data-animation=\"fadeInUp\">\n\t\t\t\t<div class=\"swiper-wrapper elementor-slides\">\n\t\t\t\t\t\t\t\t\t\t<div class=\"elementor-repeater-item-a660905 swiper-slide\" role=\"group\" aria-roledescription=\"slide\"><div class=\"swiper-slide-bg\" role=\"img\"><\/div><div class=\"swiper-slide-inner\" ><div class=\"swiper-slide-contents\"><div class=\"elementor-slide-description\">quem somos<\/div><\/div><\/div><\/div>\t\t\t\t<\/div>\n\t\t\t\t\t\t\t<\/div>\n\t\t\t\t<\/div>\n\t\t\t\t\t\t\t\t<\/div>\n\t\t\t\t<\/div>\n\t\t\t\t<\/div>\n\t\t<div class=\"elementor-element elementor-element-6724a30b e-flex e-con-boxed wpr-particle-no wpr-jarallax-no wpr-parallax-no wpr-sticky-section-no e-con e-parent\" data-id=\"6724a30b\" data-element_type=\"container\" data-settings=\"{&quot;background_background&quot;:&quot;classic&quot;}\">\n\t\t\t\t\t<div class=\"e-con-inner\">\n\t\t<div class=\"elementor-element elementor-element-3b64fc38 e-flex e-con-boxed wpr-particle-no wpr-jarallax-no wpr-parallax-no wpr-sticky-section-no e-con e-child\" data-id=\"3b64fc38\" data-element_type=\"container\" data-settings=\"{&quot;background_background&quot;:&quot;classic&quot;}\">\n\t\t\t\t\t<div class=\"e-con-inner\">\n\t\t\t\t<div class=\"elementor-element elementor-element-9c7a0d0 elementor-widget elementor-widget-formidable\" data-id=\"9c7a0d0\" data-element_type=\"widget\" data-widget_type=\"formidable.default\">\n\t\t\t\t<div class=\"elementor-widget-container\">\n\t\t\t\t\t<div class=\"frm_forms  with_frm_style frm_style_site\" id=\"frm_form_4_container\" data-token=\"93ad2f41bbdc842388111ae178f8312c\">\n<form enctype=\"multipart\/form-data\" method=\"post\" class=\"frm-show-form  frm_ajax_submit  frm_pro_form  frm_slideup\" id=\"form_i5nx03\" data-token=\"93ad2f41bbdc842388111ae178f8312c\" action=\"\">\n<div class=\"frm_form_fields\">\n<fieldset>\n<legend class=\"frm_screen_reader\">Reservas Teste<\/legend>\r\n\r\n<div class=\"frm_fields_container\">\n<input type=\"hidden\" name=\"frm_action\" value=\"create\" \/>\n<input type=\"hidden\" name=\"form_id\" value=\"4\" \/>\n<input type=\"hidden\" name=\"frm_hide_fields_4\" id=\"frm_hide_fields_4\" value=\"\" \/>\n<input type=\"hidden\" name=\"form_key\" value=\"i5nx03\" \/>\n<input type=\"hidden\" name=\"item_meta[0]\" value=\"\" \/>\n<input type=\"hidden\" id=\"frm_submit_entry_4\" name=\"frm_submit_entry_4\" value=\"d2c172f307\" \/><input type=\"hidden\" name=\"_wp_http_referer\" value=\"\/en\/wp-json\/wp\/v2\/pages\/1124\" \/><div id=\"frm_field_22_container\" class=\"frm_form_field form-field  frm_required_field frm_top_container frm_inline frm2 frm_first\">\r\n\t<label for=\"field_abggp3\" id=\"field_abggp3_label\" class=\"frm_primary_label\">Hotel\r\n\t\t<span class=\"frm_required\" aria-hidden=\"true\">*<\/span>\r\n\t<\/label>\r\n\t\t\t<select name=\"item_meta[22]\" id=\"field_abggp3\"  data-frmval=\"10414\" data-reqmsg=\"O Hotel n\u00e3o pode ficar em branco.\" aria-required=\"true\" data-invmsg=\"Hotel is invalid\" aria-invalid=\"false\"  >\n\t\t<option  value=\"10414\" selected='selected'>Recife<\/option><option  value=\"962\">Natal<\/option><option  value=\"18740\">Fortaleza<\/option>\t<\/select>\n\t\r\n\t\r\n\t\r\n<\/div>\n<div id=\"frm_field_23_container\" class=\"frm_form_field form-field  frm_required_field frm_top_container frm_inline frm2\">\r\n\t<label for=\"field_huex63\" id=\"field_huex63_label\" class=\"frm_primary_label\">Adults\r\n\t\t<span class=\"frm_required\" aria-hidden=\"true\">*<\/span>\r\n\t<\/label>\r\n\t<input type=\"number\" id=\"field_huex63\" name=\"item_meta[23]\" value=\"0\"  data-frmval=\"0\" data-reqmsg=\"O Adultos n\u00e3o pode ficar em branco.\" aria-required=\"true\" data-invmsg=\"Adultos \u00e9 inv\u00e1lido\" aria-invalid=\"false\"   min=\"0\" max=\"4\" step=\"any\"\/>\r\n\t\r\n\t\r\n<\/div>\n<div id=\"frm_field_24_container\" class=\"frm_form_field form-field  frm_top_container frm_inline frm2\">\r\n\t<label for=\"field_875sb3\" id=\"field_875sb3_label\" class=\"frm_primary_label\">Children\r\n\t\t<span class=\"frm_required\" aria-hidden=\"true\"><\/span>\r\n\t<\/label>\r\n\t<input type=\"number\" id=\"field_875sb3\" name=\"item_meta[24]\" value=\"0\"  data-frmval=\"0\" data-invmsg=\"Crian\u00e7as \u00e9 inv\u00e1lido\" aria-invalid=\"false\"   min=\"0\" max=\"2\" step=\"any\"\/>\r\n\t\r\n\t\r\n<\/div>\n<div id=\"frm_field_27_container\" class=\"frm_form_field form-field  frm_required_field frm_top_container frm_inline frm2\">\r\n\t<label for=\"field_3lbo43\" id=\"field_3lbo43_label\" class=\"frm_primary_label\">Check-In\r\n\t\t<span class=\"frm_required\" aria-hidden=\"true\">*<\/span>\r\n\t<\/label>\r\n\t<input type=\"text\" id=\"field_3lbo43\" name=\"item_meta[27]\" value=\"26.04.2026\"  data-frmval=\"26.04.2026\" data-reqmsg=\"O Check In n\u00e3o pode ficar em branco.\" aria-required=\"true\" data-invmsg=\"Check In \u00e9 inv\u00e1lido\" class=\"frm_date\" aria-invalid=\"false\"  \/>\r\n\t\r\n\t\r\n<\/div>\n<div id=\"frm_field_28_container\" class=\"frm_form_field form-field  frm_required_field frm_top_container frm_inline frm2\">\r\n\t<label for=\"field_tx8w33\" id=\"field_tx8w33_label\" class=\"frm_primary_label\">Check-Out\r\n\t\t<span class=\"frm_required\" aria-hidden=\"true\">*<\/span>\r\n\t<\/label>\r\n\t<input type=\"text\" id=\"field_tx8w33\" name=\"item_meta[28]\" value=\"26.04.2026\"  data-frmval=\"26.04.2026\" data-reqmsg=\"O Check Out n\u00e3o pode ficar em branco.\" aria-required=\"true\" data-invmsg=\"Check Out \u00e9 inv\u00e1lido\" class=\"frm_date\" aria-invalid=\"false\"  \/>\r\n\t\r\n\t\r\n<\/div>\n<div id=\"frm_field_30_container\" class=\"frm_form_field form-field  frm_top_container frm_inline frm3 frm_first\">\r\n\t<label for=\"field_i2fw3\" id=\"field_i2fw3_label\" class=\"frm_primary_label\">Crian\u00e7a 1\r\n\t\t<span class=\"frm_required\" aria-hidden=\"true\"><\/span>\r\n\t<\/label>\r\n\t<input type=\"number\" id=\"field_i2fw3\" name=\"item_meta[30]\" value=\"\"  data-invmsg=\"Crian\u00e7a 1 \u00e9 inv\u00e1lido\" aria-invalid=\"false\"   min=\"0\" max=\"17\" step=\"any\"\/>\r\n\t\r\n\t\r\n<\/div>\n<div id=\"frm_field_31_container\" class=\"frm_form_field form-field  frm_top_container frm_inline frm3\">\r\n\t<label for=\"field_nmohi\" id=\"field_nmohi_label\" class=\"frm_primary_label\">Crian\u00e7a 2\r\n\t\t<span class=\"frm_required\" aria-hidden=\"true\"><\/span>\r\n\t<\/label>\r\n\t<input type=\"number\" id=\"field_nmohi\" name=\"item_meta[31]\" value=\"\"  data-invmsg=\"Crian\u00e7a 2 \u00e9 inv\u00e1lido\" aria-invalid=\"false\"   min=\"0\" max=\"17\" step=\"any\"\/>\r\n\t\r\n\t\r\n<\/div>\n<div id=\"frm_field_47_container\" class=\"frm_form_field form-field  frm_top_container frm_inline frm2\">\r\n\t<label for=\"field_na8s8\" id=\"field_na8s8_label\" class=\"frm_primary_label\">C\u00f3digo Promocional\r\n\t\t<span class=\"frm_required\" aria-hidden=\"true\"><\/span>\r\n\t<\/label>\r\n\t<input type=\"text\" id=\"field_na8s8\" name=\"item_meta[47]\" value=\"\"  data-invmsg=\"C\u00f3digo Promocional \u00e9 inv\u00e1lido\" aria-invalid=\"false\"  \/>\r\n\t\r\n\t\r\n<\/div>\n<div id=\"frm_field_29_container\" class=\"frm_form_field form-field  frm_inline frm2\">\r\n\t<div class=\"frm_submit frm_flex\">\r\n<button class=\"frm_button_submit frm_final_submit\" type=\"submit\"  >Book<\/button>\r\n\r\n\r\n\r\n<\/div>\r\n<\/div>\n\t<input type=\"hidden\" name=\"item_key\" value=\"\" \/>\n\t\t\t\t<div class=\"frm__663cc27047baa\">\n\t\t\t\t<label for=\"frm_email_4\" >\n\t\t\t\t\tIf you are human, leave this field blank.\t\t\t\t<\/label>\n\t\t\t\t<input  id=\"frm_email_4\" type=\"text\" class=\"frm_verify\" name=\"frm__663cc27047baa\" value=\"\" autocomplete=\"off\"  \/>\n\t\t\t<\/div>\n\t\t<input name=\"frm_state\" type=\"hidden\" value=\"ueUS3c9OGnLt69vyLE2SHyzlqmgDn1goa+e86vuGN9E=\" \/><\/div>\n<\/fieldset>\n<\/div>\n\n<input type=\"hidden\" name=\"trp-form-language\" value=\"en\"\/><\/form>\n<\/div>\n\t\t\t\t<\/div>\n\t\t\t\t<\/div>\n\t\t\t\t\t<\/div>\n\t\t\t\t<\/div>\n\t\t\t\t\t<\/div>\n\t\t\t\t<\/div>\n\t\t<div class=\"elementor-element elementor-element-1b7f0f3b e-flex e-con-boxed wpr-particle-no wpr-jarallax-no wpr-parallax-no wpr-sticky-section-no e-con e-parent\" data-id=\"1b7f0f3b\" data-element_type=\"container\">\n\t\t\t\t\t<div class=\"e-con-inner\">\n\t\t\t\t<div class=\"elementor-element elementor-element-c6159cd elementor-widget elementor-widget-text-editor\" data-id=\"c6159cd\" data-element_type=\"widget\" data-widget_type=\"text-editor.default\">\n\t\t\t\t<div class=\"elementor-widget-container\">\n\t\t\t\t\t\t\t\t\t<p><b>Quem Somos<\/b><\/p>\n<p><span style=\"font-weight: 400;\">H\u00e1 mais de 12 anos, o Villa Park Hotel tem sido uma refer\u00eancia no setor hoteleiro brasileiro. Como uma empresa 100% nacional, dedicamo-nos a proporcionar experi\u00eancias excepcionais aos nossos h\u00f3spedes, combinando servi\u00e7os de alta qualidade com um compromisso inabal\u00e1vel com o seu bem-estar.<\/span><\/p>\n<p><span style=\"font-weight: 400;\">Nossa jornada come\u00e7ou em 2012, com a inaugura\u00e7\u00e3o do nosso primeiro hotel em Natal, no Rio Grande do Norte. Desde ent\u00e3o, a fam\u00edlia Villa Park tem crescido e evolu\u00eddo, tornando-se parte da renomada rede Villa Park Hot\u00e9is. Atualmente, estamos orgulhosos de operar tr\u00eas unidades, em importantes capitais do Nordeste: Recife, Natal e Fortaleza.<\/span><\/p><p><span style=\"color: var( --e-global-color-text ); font-family: var( --e-global-typography-text-font-family ), Sans-serif; font-size: 1rem; text-align: var(--text-align); font-weight: var( --e-global-typography-text-font-weight );\">Seja para uma viagem de neg\u00f3cios, uma escapada rom\u00e2ntica ou umas f\u00e9rias em fam\u00edlia, o Villa Park Hotel \u00e9 o seu destino ideal. Explore nossas instala\u00e7\u00f5es, desfrute das comodidades exclusivas e permita-nos cuidar de voc\u00ea enquanto voc\u00ea cria mem\u00f3rias preciosas.<\/span><\/p>\n<p><span style=\"font-weight: 400;\">Esperamos receb\u00ea-los em breve em um dos nossos hot\u00e9is e proporcionar-lhe uma experi\u00eancia verdadeiramente memor\u00e1vel no cora\u00e7\u00e3o do Brasil.<\/span><\/p>\t\t\t\t\t\t\t\t<\/div>\n\t\t\t\t<\/div>\n\t\t\t\t\t<\/div>\n\t\t\t\t<\/div>\n\t\t<div class=\"elementor-element elementor-element-649697c e-flex e-con-boxed wpr-particle-no wpr-jarallax-no wpr-parallax-no wpr-sticky-section-no elementor-invisible e-con e-parent\" data-id=\"649697c\" data-element_type=\"container\" data-settings=\"{&quot;animation&quot;:&quot;fadeIn&quot;}\">\n\t\t\t\t\t<div class=\"e-con-inner\">\n\t\t\t\t<div class=\"elementor-element elementor-element-855156a elementor-widget-divider--view-line elementor-widget elementor-widget-divider\" data-id=\"855156a\" data-element_type=\"widget\" data-widget_type=\"divider.default\">\n\t\t\t\t<div class=\"elementor-widget-container\">\n\t\t\t\t\t\t\t<div class=\"elementor-divider\">\n\t\t\t<span class=\"elementor-divider-separator\">\n\t\t\t\t\t\t<\/span>\n\t\t<\/div>\n\t\t\t\t\t\t<\/div>\n\t\t\t\t<\/div>\n\t\t\t\t\t<\/div>\n\t\t\t\t<\/div>\n\t\t\t\t<\/div>","protected":false},"excerpt":{"rendered":"<p>quem somos Reservas Teste Hotel * RecifeNatalFortaleza Adultos * Crian\u00e7as Check In * Check Out * Crian\u00e7a 1 Crian\u00e7a 2 Reservar Se voc\u00ea \u00e9 humano, deixe este campo em branco. Quem Somos H\u00e1 mais de 12 anos, o Villa Park Hotel tem sido uma refer\u00eancia no setor hoteleiro brasileiro. Como uma empresa 100% nacional, dedicamo-nos a proporcionar experi\u00eancias excepcionais aos nossos h\u00f3spedes, combinando servi\u00e7os de alta qualidade com um compromisso inabal\u00e1vel com o seu bem-estar. Nossa jornada come\u00e7ou em 2012, com a inaugura\u00e7\u00e3o do nosso primeiro hotel em Natal, no Rio Grande do Norte. Desde ent\u00e3o, a fam\u00edlia Villa Park tem crescido e evolu\u00eddo, tornando-se parte da renomada rede Villa Park Hot\u00e9is. Atualmente, estamos orgulhosos de operar tr\u00eas unidades, em importantes capitais do Nordeste: Recife, Natal e Fortaleza. Seja para uma viagem de neg\u00f3cios, uma escapada rom\u00e2ntica ou umas f\u00e9rias em fam\u00edlia, o Villa Park Hotel \u00e9 o seu destino ideal. Explore nossas instala\u00e7\u00f5es, desfrute das comodidades exclusivas e permita-nos cuidar de voc\u00ea enquanto voc\u00ea cria mem\u00f3rias preciosas. Esperamos receb\u00ea-los em breve em um dos nossos hot\u00e9is e proporcionar-lhe uma experi\u00eancia verdadeiramente memor\u00e1vel no cora\u00e7\u00e3o do Brasil.<\/p>","protected":false},"author":1,"featured_media":0,"parent":0,"menu_order":0,"comment_status":"closed","ping_status":"closed","template":"elementor_header_footer","meta":{"_seopress_robots_primary_cat":"","_seopress_titles_title":"","_seopress_titles_desc":"","_seopress_robots_index":"","footnotes":""},"class_list":["post-1124","page","type-page","status-publish","hentry"],"_links":{"self":[{"href":"https:\/\/villaparkhotel.com.br\/en\/wp-json\/wp\/v2\/pages\/1124","targetHints":{"allow":["GET"]}}],"collection":[{"href":"https:\/\/villaparkhotel.com.br\/en\/wp-json\/wp\/v2\/pages"}],"about":[{"href":"https:\/\/villaparkhotel.com.br\/en\/wp-json\/wp\/v2\/types\/page"}],"author":[{"embeddable":true,"href":"https:\/\/villaparkhotel.com.br\/en\/wp-json\/wp\/v2\/users\/1"}],"replies":[{"embeddable":true,"href":"https:\/\/villaparkhotel.com.br\/en\/wp-json\/wp\/v2\/comments?post=1124"}],"version-history":[{"count":16,"href":"https:\/\/villaparkhotel.com.br\/en\/wp-json\/wp\/v2\/pages\/1124\/revisions"}],"predecessor-version":[{"id":2553,"href":"https:\/\/villaparkhotel.com.br\/en\/wp-json\/wp\/v2\/pages\/1124\/revisions\/2553"}],"wp:attachment":[{"href":"https:\/\/villaparkhotel.com.br\/en\/wp-json\/wp\/v2\/media?parent=1124"}],"curies":[{"name":"wp","href":"https:\/\/api.w.org\/{rel}","templated":true}]}}