{"id":1132,"date":"2024-05-10T03:47:45","date_gmt":"2024-05-10T03:47:45","guid":{"rendered":"https:\/\/urutaurpg.com.br\/villapark\/?page_id=1132"},"modified":"2025-08-05T12:08:59","modified_gmt":"2025-08-05T12:08:59","slug":"politica-de-privacidade-do-villa-park-hotel","status":"publish","type":"page","link":"https:\/\/villaparkhotel.com.br\/en\/politica-de-privacidade-do-villa-park-hotel\/","title":{"rendered":"Pol\u00edtica de Privacidade do Villa Park Hotel"},"content":{"rendered":"<div data-elementor-type=\"wp-page\" data-elementor-id=\"1132\" class=\"elementor elementor-1132\" data-elementor-post-type=\"page\">\n\t\t\t\t<div class=\"elementor-element elementor-element-54b0ae23 e-con-full e-flex wpr-particle-no wpr-jarallax-no wpr-parallax-no wpr-sticky-section-no e-con e-parent\" data-id=\"54b0ae23\" data-element_type=\"container\">\n\t\t\t\t<div class=\"elementor-element elementor-element-2e7736fc elementor-widget__width-inherit elementor--h-position-center elementor--v-position-middle elementor-arrows-position-inside elementor-widget elementor-widget-slides\" data-id=\"2e7736fc\" data-element_type=\"widget\" data-settings=\"{&quot;navigation&quot;:&quot;arrows&quot;,&quot;autoplay_speed&quot;:1000,&quot;autoplay&quot;:&quot;yes&quot;,&quot;pause_on_hover&quot;:&quot;yes&quot;,&quot;pause_on_interaction&quot;:&quot;yes&quot;,&quot;infinite&quot;:&quot;yes&quot;,&quot;transition&quot;:&quot;slide&quot;,&quot;transition_speed&quot;:500}\" data-widget_type=\"slides.default\">\n\t\t\t\t<div class=\"elementor-widget-container\">\n\t\t\t\t\t\t\t\t\t<div class=\"elementor-swiper\">\n\t\t\t\t\t<div class=\"elementor-slides-wrapper elementor-main-swiper swiper\" role=\"region\" aria-roledescription=\"carousel\" aria-label=\"Slides\" dir=\"ltr\" data-animation=\"fadeInUp\">\n\t\t\t\t<div class=\"swiper-wrapper elementor-slides\">\n\t\t\t\t\t\t\t\t\t\t<div class=\"elementor-repeater-item-a660905 swiper-slide\" role=\"group\" aria-roledescription=\"slide\"><div class=\"swiper-slide-bg elementor-ken-burns elementor-ken-burns--in\" role=\"img\"><\/div><div class=\"elementor-background-overlay\"><\/div><div class=\"swiper-slide-inner\" ><div class=\"swiper-slide-contents\"><div class=\"elementor-slide-description\">privacidade<\/div><\/div><\/div><\/div>\t\t\t\t<\/div>\n\t\t\t\t\t\t\t<\/div>\n\t\t\t\t<\/div>\n\t\t\t\t\t\t\t\t<\/div>\n\t\t\t\t<\/div>\n\t\t\t\t<\/div>\n\t\t<div class=\"elementor-element elementor-element-6724a30b e-flex e-con-boxed wpr-particle-no wpr-jarallax-no wpr-parallax-no wpr-sticky-section-no e-con e-parent\" data-id=\"6724a30b\" data-element_type=\"container\" data-settings=\"{&quot;background_background&quot;:&quot;classic&quot;}\">\n\t\t\t\t\t<div class=\"e-con-inner\">\n\t\t<div class=\"elementor-element elementor-element-3b64fc38 e-flex e-con-boxed wpr-particle-no wpr-jarallax-no wpr-parallax-no wpr-sticky-section-no e-con e-child\" data-id=\"3b64fc38\" data-element_type=\"container\" data-settings=\"{&quot;background_background&quot;:&quot;classic&quot;}\">\n\t\t\t\t\t<div class=\"e-con-inner\">\n\t\t\t\t<div class=\"elementor-element elementor-element-df6819a elementor-widget elementor-widget-formidable\" data-id=\"df6819a\" data-element_type=\"widget\" data-widget_type=\"formidable.default\">\n\t\t\t\t<div class=\"elementor-widget-container\">\n\t\t\t\t\t<div class=\"frm_forms  with_frm_style frm_style_site\" id=\"frm_form_4_container\" data-token=\"b8d41eed2d834ff4420191f90fcf0c90\">\n<form enctype=\"multipart\/form-data\" method=\"post\" class=\"frm-show-form  frm_ajax_submit  frm_pro_form  frm_slideup\" id=\"form_i5nx03\" data-token=\"b8d41eed2d834ff4420191f90fcf0c90\" action=\"\">\n<div class=\"frm_form_fields\">\n<fieldset>\n<legend class=\"frm_screen_reader\">Reservas Teste<\/legend>\r\n\r\n<div class=\"frm_fields_container\">\n<input type=\"hidden\" name=\"frm_action\" value=\"create\" \/>\n<input type=\"hidden\" name=\"form_id\" value=\"4\" \/>\n<input type=\"hidden\" name=\"frm_hide_fields_4\" id=\"frm_hide_fields_4\" value=\"\" \/>\n<input type=\"hidden\" name=\"form_key\" value=\"i5nx03\" \/>\n<input type=\"hidden\" name=\"item_meta[0]\" value=\"\" \/>\n<input type=\"hidden\" id=\"frm_submit_entry_4\" name=\"frm_submit_entry_4\" value=\"0fbb80e140\" \/><input type=\"hidden\" name=\"_wp_http_referer\" value=\"\/en\/wp-json\/wp\/v2\/pages\/1132\" \/><div id=\"frm_field_22_container\" class=\"frm_form_field form-field  frm_required_field frm_top_container frm_inline frm2 frm_first\">\r\n\t<label for=\"field_abggp3\" id=\"field_abggp3_label\" class=\"frm_primary_label\">Hotel\r\n\t\t<span class=\"frm_required\" aria-hidden=\"true\">*<\/span>\r\n\t<\/label>\r\n\t\t\t<select name=\"item_meta[22]\" id=\"field_abggp3\"  data-frmval=\"10414\" data-reqmsg=\"O Hotel n\u00e3o pode ficar em branco.\" aria-required=\"true\" data-invmsg=\"Hotel is invalid\" aria-invalid=\"false\"  >\n\t\t<option  value=\"10414\" selected='selected'>Recife<\/option><option  value=\"962\">Natal<\/option><option  value=\"18740\">Fortaleza<\/option>\t<\/select>\n\t\r\n\t\r\n\t\r\n<\/div>\n<div id=\"frm_field_23_container\" class=\"frm_form_field form-field  frm_required_field frm_top_container frm_inline frm2\">\r\n\t<label for=\"field_huex63\" id=\"field_huex63_label\" class=\"frm_primary_label\">Adults\r\n\t\t<span class=\"frm_required\" aria-hidden=\"true\">*<\/span>\r\n\t<\/label>\r\n\t<input type=\"number\" id=\"field_huex63\" name=\"item_meta[23]\" value=\"0\"  data-frmval=\"0\" data-reqmsg=\"O Adultos n\u00e3o pode ficar em branco.\" aria-required=\"true\" data-invmsg=\"Adultos \u00e9 inv\u00e1lido\" aria-invalid=\"false\"   min=\"0\" max=\"4\" step=\"any\"\/>\r\n\t\r\n\t\r\n<\/div>\n<div id=\"frm_field_24_container\" class=\"frm_form_field form-field  frm_top_container frm_inline frm2\">\r\n\t<label for=\"field_875sb3\" id=\"field_875sb3_label\" class=\"frm_primary_label\">Children\r\n\t\t<span class=\"frm_required\" aria-hidden=\"true\"><\/span>\r\n\t<\/label>\r\n\t<input type=\"number\" id=\"field_875sb3\" name=\"item_meta[24]\" value=\"0\"  data-frmval=\"0\" data-invmsg=\"Crian\u00e7as \u00e9 inv\u00e1lido\" aria-invalid=\"false\"   min=\"0\" max=\"2\" step=\"any\"\/>\r\n\t\r\n\t\r\n<\/div>\n<div id=\"frm_field_27_container\" class=\"frm_form_field form-field  frm_required_field frm_top_container frm_inline frm2\">\r\n\t<label for=\"field_3lbo43\" id=\"field_3lbo43_label\" class=\"frm_primary_label\">Check-In\r\n\t\t<span class=\"frm_required\" aria-hidden=\"true\">*<\/span>\r\n\t<\/label>\r\n\t<input type=\"text\" id=\"field_3lbo43\" name=\"item_meta[27]\" value=\"10.04.2026\"  data-frmval=\"10.04.2026\" data-reqmsg=\"O Check In n\u00e3o pode ficar em branco.\" aria-required=\"true\" data-invmsg=\"Check In \u00e9 inv\u00e1lido\" class=\"frm_date\" aria-invalid=\"false\"  \/>\r\n\t\r\n\t\r\n<\/div>\n<div id=\"frm_field_28_container\" class=\"frm_form_field form-field  frm_required_field frm_top_container frm_inline frm2\">\r\n\t<label for=\"field_tx8w33\" id=\"field_tx8w33_label\" class=\"frm_primary_label\">Check-Out\r\n\t\t<span class=\"frm_required\" aria-hidden=\"true\">*<\/span>\r\n\t<\/label>\r\n\t<input type=\"text\" id=\"field_tx8w33\" name=\"item_meta[28]\" value=\"10.04.2026\"  data-frmval=\"10.04.2026\" data-reqmsg=\"O Check Out n\u00e3o pode ficar em branco.\" aria-required=\"true\" data-invmsg=\"Check Out \u00e9 inv\u00e1lido\" class=\"frm_date\" aria-invalid=\"false\"  \/>\r\n\t\r\n\t\r\n<\/div>\n<div id=\"frm_field_30_container\" class=\"frm_form_field form-field  frm_top_container frm_inline frm3 frm_first\">\r\n\t<label for=\"field_i2fw3\" id=\"field_i2fw3_label\" class=\"frm_primary_label\">Crian\u00e7a 1\r\n\t\t<span class=\"frm_required\" aria-hidden=\"true\"><\/span>\r\n\t<\/label>\r\n\t<input type=\"number\" id=\"field_i2fw3\" name=\"item_meta[30]\" value=\"\"  data-invmsg=\"Crian\u00e7a 1 \u00e9 inv\u00e1lido\" aria-invalid=\"false\"   min=\"0\" max=\"17\" step=\"any\"\/>\r\n\t\r\n\t\r\n<\/div>\n<div id=\"frm_field_31_container\" class=\"frm_form_field form-field  frm_top_container frm_inline frm3\">\r\n\t<label for=\"field_nmohi\" id=\"field_nmohi_label\" class=\"frm_primary_label\">Crian\u00e7a 2\r\n\t\t<span class=\"frm_required\" aria-hidden=\"true\"><\/span>\r\n\t<\/label>\r\n\t<input type=\"number\" id=\"field_nmohi\" name=\"item_meta[31]\" value=\"\"  data-invmsg=\"Crian\u00e7a 2 \u00e9 inv\u00e1lido\" aria-invalid=\"false\"   min=\"0\" max=\"17\" step=\"any\"\/>\r\n\t\r\n\t\r\n<\/div>\n<div id=\"frm_field_47_container\" class=\"frm_form_field form-field  frm_top_container frm_inline frm2\">\r\n\t<label for=\"field_na8s8\" id=\"field_na8s8_label\" class=\"frm_primary_label\">C\u00f3digo Promocional\r\n\t\t<span class=\"frm_required\" aria-hidden=\"true\"><\/span>\r\n\t<\/label>\r\n\t<input type=\"text\" id=\"field_na8s8\" name=\"item_meta[47]\" value=\"\"  data-invmsg=\"C\u00f3digo Promocional \u00e9 inv\u00e1lido\" aria-invalid=\"false\"  \/>\r\n\t\r\n\t\r\n<\/div>\n<div id=\"frm_field_29_container\" class=\"frm_form_field form-field  frm_inline frm2\">\r\n\t<div class=\"frm_submit frm_flex\">\r\n<button class=\"frm_button_submit frm_final_submit\" type=\"submit\"  >Book<\/button>\r\n\r\n\r\n\r\n<\/div>\r\n<\/div>\n\t<input type=\"hidden\" name=\"item_key\" value=\"\" \/>\n\t\t\t\t<div class=\"frm__663cc27047baa\">\n\t\t\t\t<label for=\"frm_email_4\" >\n\t\t\t\t\tIf you are human, leave this field blank.\t\t\t\t<\/label>\n\t\t\t\t<input  id=\"frm_email_4\" type=\"text\" class=\"frm_verify\" name=\"frm__663cc27047baa\" value=\"\" autocomplete=\"off\"  \/>\n\t\t\t<\/div>\n\t\t<input name=\"frm_state\" type=\"hidden\" value=\"ueUS3c9OGnLt69vyLE2SHyzlqmgDn1goa+e86vuGN9E=\" \/><\/div>\n<\/fieldset>\n<\/div>\n\n<input type=\"hidden\" name=\"trp-form-language\" value=\"en\"\/><\/form>\n<\/div>\n\t\t\t\t<\/div>\n\t\t\t\t<\/div>\n\t\t\t\t\t<\/div>\n\t\t\t\t<\/div>\n\t\t\t\t\t<\/div>\n\t\t\t\t<\/div>\n\t\t<div class=\"elementor-element elementor-element-1b7f0f3b e-flex e-con-boxed wpr-particle-no wpr-jarallax-no wpr-parallax-no wpr-sticky-section-no e-con e-parent\" data-id=\"1b7f0f3b\" data-element_type=\"container\">\n\t\t\t\t\t<div class=\"e-con-inner\">\n\t\t\t\t<div class=\"elementor-element elementor-element-c6159cd elementor-widget elementor-widget-text-editor\" data-id=\"c6159cd\" data-element_type=\"widget\" data-widget_type=\"text-editor.default\">\n\t\t\t\t<div class=\"elementor-widget-container\">\n\t\t\t\t\t\t\t\t\t<p><b>Pol\u00edtica de Privacidade do Villa Park Hotel\u00a0<\/b><\/p><p><span style=\"font-weight: 400;\">Esta Pol\u00edtica de Privacidade demonstra nosso compromisso com a prote\u00e7\u00e3o da privacidade das informa\u00e7\u00f5es dos usu\u00e1rios do Villa Park Hotel. Estabelecemos regras claras e transparentes para o tratamento de dados pessoais em nosso site, de acordo com a Lei n\u00ba 13.709, conhecida como Lei Geral de Prote\u00e7\u00e3o de Dados Pessoais (LGPD).<\/span><\/p><p><b>Lei e Regulamentos<\/b><\/p><p><span style=\"font-weight: 400;\">Esta pol\u00edtica cumpre os requisitos da LGPD, que regula o tratamento de dados pessoais no Brasil.<\/span><\/p><p><b>Dados que Coletamos sobre Voc\u00ea<\/b><\/p><p><span style=\"font-weight: 400;\">Ao acessar nosso site, voc\u00ea pode consultar destinos e hot\u00e9is, obter informa\u00e7\u00f5es sobre servi\u00e7os e valores de hospedagem, fazer compras, entre outros. Os dados que coletamos incluem, mas n\u00e3o se limitam a:<\/span><\/p><ul><li style=\"font-weight: 400;\" aria-level=\"1\"><span style=\"font-weight: 400;\">&#8211; Informa\u00e7\u00f5es fornecidas durante a formaliza\u00e7\u00e3o de reserva, como nome, endere\u00e7o, dados de cart\u00e3o de cr\u00e9dito, CPF, RG, e-mail e n\u00famero de telefone.<\/span><\/li><li style=\"font-weight: 400;\" aria-level=\"1\"><span style=\"font-weight: 400;\">&#8211; Cadastro em papel ou m\u00eddia digital, incluindo listas de presen\u00e7a, formul\u00e1rios de cadastro, arquivos digitais, grava\u00e7\u00f5es de \u00e1udio e v\u00eddeo.<\/span><\/li><li style=\"font-weight: 400;\" aria-level=\"1\"><span style=\"font-weight: 400;\">&#8211; Informa\u00e7\u00f5es de uso do site, como informa\u00e7\u00f5es do dispositivo, registros de atividades e dados de localiza\u00e7\u00e3o.<\/span><\/li><\/ul><p><b>Seus Direitos Legais<\/b><\/p><p><span style=\"font-weight: 400;\">Voc\u00ea tem direitos garantidos pela LGPD, incluindo o direito de confirmar a exist\u00eancia de tratamento de dados, acessar, corrigir, limitar, solicitar a portabilidade, excluir, revogar o consentimento e ser informado sobre as consequ\u00eancias da negativa.<\/span><\/p><p><b>Como Exercer Seus Direitos de Titular<\/b><\/p><p><span style=\"font-weight: 400;\">Para exercer seus direitos, entre em contato com nosso Departamento Jur\u00eddico atrav\u00e9s do e-mail: juridico@villaparkhotel.com.br<\/span><\/p><p><b>Armazenamento e Seguran\u00e7a de Dados<\/b><\/p><p><span style=\"font-weight: 400;\">Seus dados ser\u00e3o mantidos em nosso banco de dados por tempo indeterminado ou at\u00e9 sua solicita\u00e7\u00e3o de exclus\u00e3o. Utilizamos medidas f\u00edsicas, eletr\u00f4nicas e gerenciais para proteger suas informa\u00e7\u00f5es pessoais e garantir sua privacidade.<\/span><\/p><p><b>Compartilhamento de Dados<\/b><\/p><p><span style=\"font-weight: 400;\">Compartilhamos seus dados com parceiros comerciais apenas quando necess\u00e1rio para a execu\u00e7\u00e3o do contrato de hospedagem ou por determina\u00e7\u00e3o legal.<\/span><\/p><p><b>Cookies ou Dados de Navega\u00e7\u00e3o<\/b><\/p><p><span style=\"font-weight: 400;\">Usamos cookies para melhorar sua experi\u00eancia de usu\u00e1rio. Voc\u00ea pode gerenciar seus cookies nas configura\u00e7\u00f5es do seu navegador.<\/span><\/p><p><b>Altera\u00e7\u00f5es nesta Pol\u00edtica de Privacidade<\/b><\/p><p><span style=\"font-weight: 400;\">Reservamos o direito de modificar esta pol\u00edtica a qualquer momento. Recomendamos que voc\u00ea a revise com frequ\u00eancia.<\/span><\/p><p><b>Encarregado pela Prote\u00e7\u00e3o de Dados Pessoais<\/b><\/p><p><span style=\"font-weight: 400;\">Se tiver d\u00favidas sobre nossa Pol\u00edtica de Privacidade, entre em contato com nosso Departamento Jur\u00eddico atrav\u00e9s do e-mail: juridico@villaparkhotel.com.br<\/span><\/p>\t\t\t\t\t\t\t\t<\/div>\n\t\t\t\t<\/div>\n\t\t\t\t\t<\/div>\n\t\t\t\t<\/div>\n\t\t<div class=\"elementor-element elementor-element-0b3f7ef e-flex e-con-boxed wpr-particle-no wpr-jarallax-no wpr-parallax-no wpr-sticky-section-no elementor-invisible e-con e-parent\" data-id=\"0b3f7ef\" data-element_type=\"container\" data-settings=\"{&quot;animation&quot;:&quot;fadeIn&quot;}\">\n\t\t\t\t\t<div class=\"e-con-inner\">\n\t\t\t\t<div class=\"elementor-element elementor-element-01a85f4 elementor-widget-divider--view-line elementor-widget elementor-widget-divider\" data-id=\"01a85f4\" data-element_type=\"widget\" data-widget_type=\"divider.default\">\n\t\t\t\t<div class=\"elementor-widget-container\">\n\t\t\t\t\t\t\t<div class=\"elementor-divider\">\n\t\t\t<span class=\"elementor-divider-separator\">\n\t\t\t\t\t\t<\/span>\n\t\t<\/div>\n\t\t\t\t\t\t<\/div>\n\t\t\t\t<\/div>\n\t\t\t\t\t<\/div>\n\t\t\t\t<\/div>\n\t\t\t\t<\/div>","protected":false},"excerpt":{"rendered":"<p>privacidade Reservas Teste Hotel * RecifeNatalFortaleza Adultos * Crian\u00e7as Check In * Check Out * Crian\u00e7a 1 Crian\u00e7a 2 Reservar Se voc\u00ea \u00e9 humano, deixe este campo em branco. Pol\u00edtica de Privacidade do Villa Park Hotel\u00a0 Esta Pol\u00edtica de Privacidade demonstra nosso compromisso com a prote\u00e7\u00e3o da privacidade das informa\u00e7\u00f5es dos usu\u00e1rios do Villa Park Hotel. Estabelecemos regras claras e transparentes para o tratamento de dados pessoais em nosso site, de acordo com a Lei n\u00ba 13.709, conhecida como Lei Geral de Prote\u00e7\u00e3o de Dados Pessoais (LGPD). Lei e Regulamentos Esta pol\u00edtica cumpre os requisitos da LGPD, que regula o tratamento de dados pessoais no Brasil. Dados que Coletamos sobre Voc\u00ea Ao acessar nosso site, voc\u00ea pode consultar destinos e hot\u00e9is, obter informa\u00e7\u00f5es sobre servi\u00e7os e valores de hospedagem, fazer compras, entre outros. Os dados que coletamos incluem, mas n\u00e3o se limitam a: &#8211; Informa\u00e7\u00f5es fornecidas durante a formaliza\u00e7\u00e3o de reserva, como nome, endere\u00e7o, dados de cart\u00e3o de cr\u00e9dito, CPF, RG, e-mail e n\u00famero de telefone. &#8211; Cadastro em papel ou m\u00eddia digital, incluindo listas de presen\u00e7a, formul\u00e1rios de cadastro, arquivos digitais, grava\u00e7\u00f5es de \u00e1udio e v\u00eddeo. &#8211; Informa\u00e7\u00f5es de uso do site, como informa\u00e7\u00f5es do dispositivo, registros de atividades e dados de localiza\u00e7\u00e3o. Seus Direitos Legais Voc\u00ea tem direitos garantidos pela LGPD, incluindo o direito de confirmar a exist\u00eancia de tratamento de dados, acessar, corrigir, limitar, solicitar a portabilidade, excluir, revogar o consentimento e ser informado sobre as consequ\u00eancias da negativa. Como Exercer Seus Direitos de Titular Para exercer seus direitos, entre em contato com nosso Departamento Jur\u00eddico atrav\u00e9s do e-mail: juridico@villaparkhotel.com.br Armazenamento e Seguran\u00e7a de Dados Seus dados ser\u00e3o mantidos em nosso banco de dados por tempo indeterminado ou at\u00e9 sua solicita\u00e7\u00e3o de exclus\u00e3o. Utilizamos medidas f\u00edsicas, eletr\u00f4nicas e gerenciais para proteger suas informa\u00e7\u00f5es pessoais e garantir sua privacidade. Compartilhamento de Dados Compartilhamos seus dados com parceiros comerciais apenas quando necess\u00e1rio para a execu\u00e7\u00e3o do contrato de hospedagem ou por determina\u00e7\u00e3o legal. Cookies ou Dados de Navega\u00e7\u00e3o Usamos cookies para melhorar sua experi\u00eancia de usu\u00e1rio. Voc\u00ea pode gerenciar seus cookies nas configura\u00e7\u00f5es do seu navegador. Altera\u00e7\u00f5es nesta Pol\u00edtica de Privacidade Reservamos o direito de modificar esta pol\u00edtica a qualquer momento. Recomendamos que voc\u00ea a revise com frequ\u00eancia. Encarregado pela Prote\u00e7\u00e3o de Dados Pessoais Se tiver d\u00favidas sobre nossa Pol\u00edtica de Privacidade, entre em contato com nosso Departamento Jur\u00eddico atrav\u00e9s do e-mail: juridico@villaparkhotel.com.br<\/p>","protected":false},"author":1,"featured_media":0,"parent":0,"menu_order":0,"comment_status":"closed","ping_status":"closed","template":"elementor_header_footer","meta":{"_seopress_robots_primary_cat":"","_seopress_titles_title":"","_seopress_titles_desc":"","_seopress_robots_index":"","footnotes":""},"class_list":["post-1132","page","type-page","status-publish","hentry"],"_links":{"self":[{"href":"https:\/\/villaparkhotel.com.br\/en\/wp-json\/wp\/v2\/pages\/1132","targetHints":{"allow":["GET"]}}],"collection":[{"href":"https:\/\/villaparkhotel.com.br\/en\/wp-json\/wp\/v2\/pages"}],"about":[{"href":"https:\/\/villaparkhotel.com.br\/en\/wp-json\/wp\/v2\/types\/page"}],"author":[{"embeddable":true,"href":"https:\/\/villaparkhotel.com.br\/en\/wp-json\/wp\/v2\/users\/1"}],"replies":[{"embeddable":true,"href":"https:\/\/villaparkhotel.com.br\/en\/wp-json\/wp\/v2\/comments?post=1132"}],"version-history":[{"count":7,"href":"https:\/\/villaparkhotel.com.br\/en\/wp-json\/wp\/v2\/pages\/1132\/revisions"}],"predecessor-version":[{"id":2550,"href":"https:\/\/villaparkhotel.com.br\/en\/wp-json\/wp\/v2\/pages\/1132\/revisions\/2550"}],"wp:attachment":[{"href":"https:\/\/villaparkhotel.com.br\/en\/wp-json\/wp\/v2\/media?parent=1132"}],"curies":[{"name":"wp","href":"https:\/\/api.w.org\/{rel}","templated":true}]}}