{"id":501,"date":"2024-04-25T13:21:23","date_gmt":"2024-04-25T13:21:23","guid":{"rendered":"https:\/\/staging.villaparkhotel.com.br\/?page_id=501"},"modified":"2025-08-05T12:06:02","modified_gmt":"2025-08-05T12:06:02","slug":"sustentabilidade","status":"publish","type":"page","link":"https:\/\/villaparkhotel.com.br\/en\/sustentabilidade\/","title":{"rendered":"Sustainability"},"content":{"rendered":"<div data-elementor-type=\"wp-page\" data-elementor-id=\"501\" class=\"elementor elementor-501\" data-elementor-post-type=\"page\">\n\t\t\t\t<div class=\"elementor-element elementor-element-30b676bf e-con-full e-flex wpr-particle-no wpr-jarallax-no wpr-parallax-no wpr-sticky-section-no e-con e-parent\" data-id=\"30b676bf\" data-element_type=\"container\">\n\t\t\t\t<div class=\"elementor-element elementor-element-5d512ed7 elementor-widget__width-inherit elementor--h-position-center elementor--v-position-middle elementor-arrows-position-inside elementor-widget elementor-widget-slides\" data-id=\"5d512ed7\" data-element_type=\"widget\" data-settings=\"{&quot;navigation&quot;:&quot;arrows&quot;,&quot;autoplay_speed&quot;:1000,&quot;autoplay&quot;:&quot;yes&quot;,&quot;pause_on_hover&quot;:&quot;yes&quot;,&quot;pause_on_interaction&quot;:&quot;yes&quot;,&quot;infinite&quot;:&quot;yes&quot;,&quot;transition&quot;:&quot;slide&quot;,&quot;transition_speed&quot;:500}\" data-widget_type=\"slides.default\">\n\t\t\t\t<div class=\"elementor-widget-container\">\n\t\t\t\t\t\t\t\t\t<div class=\"elementor-swiper\">\n\t\t\t\t\t<div class=\"elementor-slides-wrapper elementor-main-swiper swiper\" role=\"region\" aria-roledescription=\"carousel\" aria-label=\"Slides\" dir=\"ltr\" data-animation=\"fadeInUp\">\n\t\t\t\t<div class=\"swiper-wrapper elementor-slides\">\n\t\t\t\t\t\t\t\t\t\t<div class=\"elementor-repeater-item-a660905 swiper-slide\" role=\"group\" aria-roledescription=\"slide\"><div class=\"swiper-slide-bg\" role=\"img\"><\/div><div class=\"swiper-slide-inner\" ><div class=\"swiper-slide-contents\"><div class=\"elementor-slide-description\">sustainability<\/div><\/div><\/div><\/div>\t\t\t\t<\/div>\n\t\t\t\t\t\t\t<\/div>\n\t\t\t\t<\/div>\n\t\t\t\t\t\t\t\t<\/div>\n\t\t\t\t<\/div>\n\t\t\t\t<\/div>\n\t\t<div class=\"elementor-element elementor-element-690e6429 e-flex e-con-boxed wpr-particle-no wpr-jarallax-no wpr-parallax-no wpr-sticky-section-no e-con e-parent\" data-id=\"690e6429\" data-element_type=\"container\" data-settings=\"{&quot;background_background&quot;:&quot;classic&quot;}\">\n\t\t\t\t\t<div class=\"e-con-inner\">\n\t\t<div class=\"elementor-element elementor-element-52b1fd2b e-flex e-con-boxed wpr-particle-no wpr-jarallax-no wpr-parallax-no wpr-sticky-section-no e-con e-child\" data-id=\"52b1fd2b\" data-element_type=\"container\" data-settings=\"{&quot;background_background&quot;:&quot;classic&quot;}\">\n\t\t\t\t\t<div class=\"e-con-inner\">\n\t\t\t\t<div class=\"elementor-element elementor-element-a42929a elementor-widget elementor-widget-formidable\" data-id=\"a42929a\" data-element_type=\"widget\" data-widget_type=\"formidable.default\">\n\t\t\t\t<div class=\"elementor-widget-container\">\n\t\t\t\t\t<div class=\"frm_forms  with_frm_style frm_style_site\" id=\"frm_form_4_container\" data-token=\"a72ef13baeb579b1428a5a0e84132a20\">\n<form enctype=\"multipart\/form-data\" method=\"post\" class=\"frm-show-form  frm_ajax_submit  frm_pro_form  frm_slideup\" id=\"form_i5nx03\" data-token=\"a72ef13baeb579b1428a5a0e84132a20\" action=\"\">\n<div class=\"frm_form_fields\">\n<fieldset>\n<legend class=\"frm_screen_reader\">Reservas Teste<\/legend>\r\n\r\n<div class=\"frm_fields_container\">\n<input type=\"hidden\" name=\"frm_action\" value=\"create\" \/>\n<input type=\"hidden\" name=\"form_id\" value=\"4\" \/>\n<input type=\"hidden\" name=\"frm_hide_fields_4\" id=\"frm_hide_fields_4\" value=\"\" \/>\n<input type=\"hidden\" name=\"form_key\" value=\"i5nx03\" \/>\n<input type=\"hidden\" name=\"item_meta[0]\" value=\"\" \/>\n<input type=\"hidden\" id=\"frm_submit_entry_4\" name=\"frm_submit_entry_4\" value=\"1d1dadab2a\" \/><input type=\"hidden\" name=\"_wp_http_referer\" value=\"\/en\/wp-json\/wp\/v2\/pages\/501\" \/><div id=\"frm_field_22_container\" class=\"frm_form_field form-field  frm_required_field frm_top_container frm_inline frm2 frm_first\">\r\n\t<label for=\"field_abggp3\" id=\"field_abggp3_label\" class=\"frm_primary_label\">Hotel\r\n\t\t<span class=\"frm_required\" aria-hidden=\"true\">*<\/span>\r\n\t<\/label>\r\n\t\t\t<select name=\"item_meta[22]\" id=\"field_abggp3\"  data-frmval=\"10414\" data-reqmsg=\"O Hotel n\u00e3o pode ficar em branco.\" aria-required=\"true\" data-invmsg=\"Hotel is invalid\" aria-invalid=\"false\"  >\n\t\t<option  value=\"10414\" selected='selected'>Recife<\/option><option  value=\"962\">Natal<\/option><option  value=\"18740\">Fortaleza<\/option>\t<\/select>\n\t\r\n\t\r\n\t\r\n<\/div>\n<div id=\"frm_field_23_container\" class=\"frm_form_field form-field  frm_required_field frm_top_container frm_inline frm2\">\r\n\t<label for=\"field_huex63\" id=\"field_huex63_label\" class=\"frm_primary_label\">Adults\r\n\t\t<span class=\"frm_required\" aria-hidden=\"true\">*<\/span>\r\n\t<\/label>\r\n\t<input type=\"number\" id=\"field_huex63\" name=\"item_meta[23]\" value=\"0\"  data-frmval=\"0\" data-reqmsg=\"O Adultos n\u00e3o pode ficar em branco.\" aria-required=\"true\" data-invmsg=\"Adultos \u00e9 inv\u00e1lido\" aria-invalid=\"false\"   min=\"0\" max=\"4\" step=\"any\"\/>\r\n\t\r\n\t\r\n<\/div>\n<div id=\"frm_field_24_container\" class=\"frm_form_field form-field  frm_top_container frm_inline frm2\">\r\n\t<label for=\"field_875sb3\" id=\"field_875sb3_label\" class=\"frm_primary_label\">Children\r\n\t\t<span class=\"frm_required\" aria-hidden=\"true\"><\/span>\r\n\t<\/label>\r\n\t<input type=\"number\" id=\"field_875sb3\" name=\"item_meta[24]\" value=\"0\"  data-frmval=\"0\" data-invmsg=\"Crian\u00e7as \u00e9 inv\u00e1lido\" aria-invalid=\"false\"   min=\"0\" max=\"2\" step=\"any\"\/>\r\n\t\r\n\t\r\n<\/div>\n<div id=\"frm_field_27_container\" class=\"frm_form_field form-field  frm_required_field frm_top_container frm_inline frm2\">\r\n\t<label for=\"field_3lbo43\" id=\"field_3lbo43_label\" class=\"frm_primary_label\">Check-In\r\n\t\t<span class=\"frm_required\" aria-hidden=\"true\">*<\/span>\r\n\t<\/label>\r\n\t<input type=\"text\" id=\"field_3lbo43\" name=\"item_meta[27]\" value=\"16.04.2026\"  data-frmval=\"16.04.2026\" data-reqmsg=\"O Check In n\u00e3o pode ficar em branco.\" aria-required=\"true\" data-invmsg=\"Check In \u00e9 inv\u00e1lido\" class=\"frm_date\" aria-invalid=\"false\"  \/>\r\n\t\r\n\t\r\n<\/div>\n<div id=\"frm_field_28_container\" class=\"frm_form_field form-field  frm_required_field frm_top_container frm_inline frm2\">\r\n\t<label for=\"field_tx8w33\" id=\"field_tx8w33_label\" class=\"frm_primary_label\">Check-Out\r\n\t\t<span class=\"frm_required\" aria-hidden=\"true\">*<\/span>\r\n\t<\/label>\r\n\t<input type=\"text\" id=\"field_tx8w33\" name=\"item_meta[28]\" value=\"16.04.2026\"  data-frmval=\"16.04.2026\" data-reqmsg=\"O Check Out n\u00e3o pode ficar em branco.\" aria-required=\"true\" data-invmsg=\"Check Out \u00e9 inv\u00e1lido\" class=\"frm_date\" aria-invalid=\"false\"  \/>\r\n\t\r\n\t\r\n<\/div>\n<div id=\"frm_field_30_container\" class=\"frm_form_field form-field  frm_top_container frm_inline frm3 frm_first\">\r\n\t<label for=\"field_i2fw3\" id=\"field_i2fw3_label\" class=\"frm_primary_label\">Crian\u00e7a 1\r\n\t\t<span class=\"frm_required\" aria-hidden=\"true\"><\/span>\r\n\t<\/label>\r\n\t<input type=\"number\" id=\"field_i2fw3\" name=\"item_meta[30]\" value=\"\"  data-invmsg=\"Crian\u00e7a 1 \u00e9 inv\u00e1lido\" aria-invalid=\"false\"   min=\"0\" max=\"17\" step=\"any\"\/>\r\n\t\r\n\t\r\n<\/div>\n<div id=\"frm_field_31_container\" class=\"frm_form_field form-field  frm_top_container frm_inline frm3\">\r\n\t<label for=\"field_nmohi\" id=\"field_nmohi_label\" class=\"frm_primary_label\">Crian\u00e7a 2\r\n\t\t<span class=\"frm_required\" aria-hidden=\"true\"><\/span>\r\n\t<\/label>\r\n\t<input type=\"number\" id=\"field_nmohi\" name=\"item_meta[31]\" value=\"\"  data-invmsg=\"Crian\u00e7a 2 \u00e9 inv\u00e1lido\" aria-invalid=\"false\"   min=\"0\" max=\"17\" step=\"any\"\/>\r\n\t\r\n\t\r\n<\/div>\n<div id=\"frm_field_47_container\" class=\"frm_form_field form-field  frm_top_container frm_inline frm2\">\r\n\t<label for=\"field_na8s8\" id=\"field_na8s8_label\" class=\"frm_primary_label\">C\u00f3digo Promocional\r\n\t\t<span class=\"frm_required\" aria-hidden=\"true\"><\/span>\r\n\t<\/label>\r\n\t<input type=\"text\" id=\"field_na8s8\" name=\"item_meta[47]\" value=\"\"  data-invmsg=\"C\u00f3digo Promocional \u00e9 inv\u00e1lido\" aria-invalid=\"false\"  \/>\r\n\t\r\n\t\r\n<\/div>\n<div id=\"frm_field_29_container\" class=\"frm_form_field form-field  frm_inline frm2\">\r\n\t<div class=\"frm_submit frm_flex\">\r\n<button class=\"frm_button_submit frm_final_submit\" type=\"submit\"  >Book<\/button>\r\n\r\n\r\n\r\n<\/div>\r\n<\/div>\n\t<input type=\"hidden\" name=\"item_key\" value=\"\" \/>\n\t\t\t\t<div class=\"frm__663cc27047baa\">\n\t\t\t\t<label for=\"frm_email_4\" >\n\t\t\t\t\tIf you are human, leave this field blank.\t\t\t\t<\/label>\n\t\t\t\t<input  id=\"frm_email_4\" type=\"text\" class=\"frm_verify\" name=\"frm__663cc27047baa\" value=\"\" autocomplete=\"off\"  \/>\n\t\t\t<\/div>\n\t\t<input name=\"frm_state\" type=\"hidden\" value=\"ueUS3c9OGnLt69vyLE2SHyzlqmgDn1goa+e86vuGN9E=\" \/><\/div>\n<\/fieldset>\n<\/div>\n\n<input type=\"hidden\" name=\"trp-form-language\" value=\"en\"\/><\/form>\n<\/div>\n\t\t\t\t<\/div>\n\t\t\t\t<\/div>\n\t\t\t\t\t<\/div>\n\t\t\t\t<\/div>\n\t\t\t\t\t<\/div>\n\t\t\t\t<\/div>\n\t\t<div class=\"elementor-element elementor-element-5ae56d06 e-flex e-con-boxed wpr-particle-no wpr-jarallax-no wpr-parallax-no wpr-sticky-section-no e-con e-parent\" data-id=\"5ae56d06\" data-element_type=\"container\">\n\t\t\t\t\t<div class=\"e-con-inner\">\n\t\t\t\t<div class=\"elementor-element elementor-element-41b3e605 elementor-widget elementor-widget-heading\" data-id=\"41b3e605\" data-element_type=\"widget\" data-widget_type=\"heading.default\">\n\t\t\t\t<div class=\"elementor-widget-container\">\n\t\t\t\t\t<h1 class=\"elementor-heading-title elementor-size-default\">Commitment to Sustainability<\/h1>\t\t\t\t<\/div>\n\t\t\t\t<\/div>\n\t\t\t\t\t<\/div>\n\t\t\t\t<\/div>\n\t\t<div class=\"elementor-element elementor-element-7c886430 e-flex e-con-boxed wpr-particle-no wpr-jarallax-no wpr-parallax-no wpr-sticky-section-no e-con e-parent\" data-id=\"7c886430\" data-element_type=\"container\">\n\t\t\t\t\t<div class=\"e-con-inner\">\n\t\t\t\t<div class=\"elementor-element elementor-element-2ee040d elementor-widget-divider--view-line elementor-widget elementor-widget-divider\" data-id=\"2ee040d\" data-element_type=\"widget\" data-widget_type=\"divider.default\">\n\t\t\t\t<div class=\"elementor-widget-container\">\n\t\t\t\t\t\t\t<div class=\"elementor-divider\">\n\t\t\t<span class=\"elementor-divider-separator\">\n\t\t\t\t\t\t<\/span>\n\t\t<\/div>\n\t\t\t\t\t\t<\/div>\n\t\t\t\t<\/div>\n\t\t\t\t<div class=\"elementor-element elementor-element-0038857 elementor-widget elementor-widget-text-editor\" data-id=\"0038857\" data-element_type=\"widget\" data-widget_type=\"text-editor.default\">\n\t\t\t\t<div class=\"elementor-widget-container\">\n\t\t\t\t\t\t\t\t\t<p><span style=\"font-weight: 400;\">We are committed to sustainable practices that help preserve the environment and contribute to a greener, healthier future.\u00a0<\/span><\/p><p><b>Renewable Energy<\/b><\/p><p class=\"translation-block\">All our units use solar energy as a clean source of power to minimize our environmental impact and help promote a sustainable future for our community. We continue to invest in alternative energy sources to increase this percentage and make our hotels even more sustainable in the future.<\/p><p><span style=\"font-weight: 400;\">Here are just a few of the initiatives that we have implemented at our hotel in Natal, Recife, and Fortaleza:<\/span><\/p><p dir=\"ltr\" style=\"line-height: 1.2; background-color: #ffffff; margin-top: 0pt; margin-bottom: 0pt; padding: 0pt 0pt 8pt 0pt;\"><span style=\"font-size: 12pt; font-family: Arial,sans-serif; color: #000000; background-color: transparent; font-weight: bold; font-style: normal; font-variant: normal; text-decoration: none; vertical-align: baseline; white-space: pre-wrap;\">Natal: A 100% Renewable Energy<\/span><\/p><p dir=\"ltr\" style=\"line-height: 1.2; background-color: #ffffff; margin-top: 0pt; margin-bottom: 0pt; padding: 0pt 0pt 8pt 0pt;\"><span style=\"font-size: 12pt; font-family: Arial,sans-serif; color: #000000; background-color: transparent; font-weight: bold; font-style: normal; font-variant: normal; text-decoration: none; vertical-align: baseline; white-space: pre-wrap;\">Recife: A 30% Renewable Energy<\/span><\/p><p dir=\"ltr\" style=\"line-height: 1.2; background-color: #ffffff; margin-top: 0pt; margin-bottom: 0pt; padding: 0pt 0pt 8pt 0pt;\"><span style=\"font-size: 12pt; font-family: Arial,sans-serif; color: #000000; background-color: transparent; font-weight: bold; font-style: normal; font-variant: normal; text-decoration: none; vertical-align: baseline; white-space: pre-wrap;\">Fortaleza: 40% Renewable Energy<\/span><\/p><p>\u00a0<\/p><p dir=\"ltr\" style=\"line-height: 1.2; background-color: #ffffff; margin-top: 0pt; margin-bottom: 8pt;\"><span style=\"font-size: 12pt; font-family: Arial,sans-serif; color: #000000; background-color: #ffffff; font-weight: 400; font-style: normal; font-variant: normal; text-decoration: none; vertical-align: baseline; white-space: pre-wrap;\">Not only does this reduce the consumption of plastic and waste generation, but also to promote a more sustainable for our guests to enjoy.<\/span><\/p><p><span style=\"font-weight: 400;\">In addition to this, we have implemented the following precautionary measures at all our hotels:<\/span><\/p><ul><li style=\"font-weight: 400;\" aria-level=\"1\"><span style=\"font-weight: 400;\">The replacement of Packages for Individual Opportunities for Dispensers in the Rooms: we&#039;ve Reduced plastic waste by substituting for the individual packaging of the opportunities for dispensers in all of our rooms. Not only does this reduce the consumption of plastic, but it can also promote a more sustainable for our guests to enjoy.<\/span><\/li><li style=\"font-weight: 400;\" aria-level=\"1\"><span style=\"font-weight: 400;\">The replacement of Plastic Straws by the\u00a0<span style=\"font-size: 12pt; font-family: Arial, sans-serif; background-color: transparent; font-variant-numeric: normal; font-variant-east-asian: normal; font-variant-alternates: normal; font-variant-position: normal; vertical-align: baseline; white-space-collapse: preserve;\">Straws That Are Biodegradable.<\/span>:- In our restaurants and bars, we&#039;ve eliminated plastic straws and opt for the straws, biodegradable and made from sustainable materials. This one simple change will help reduce plastic pollution on our beaches and in our oceans.<\/span><\/li><li style=\"font-weight: 400;\" aria-level=\"1\"><span style=\"font-weight: 400;\">The replacement of the Blades of the Coffee from the Plastic Straws of Bamboo: <\/span>This one simple change will help reduce plastic pollution on our beaches and in our oceans.<\/li><li style=\"font-weight: 400;\" aria-level=\"1\"><span style=\"font-weight: 400;\">The use of 100% of LED light Bulbs In all of our facilities, we exclusively use LED bulbs, which are more energy efficient and have a longer life span than traditional bulbs. Not only does this reduce our energy consumption, but also reduces our carbon footprint.<\/span><\/li><\/ul><div>\u00a0<\/div><p><span style=\"font-weight: 400;\">In the Villa Park Hotel, sustainability is more than just a practice \u2013 it's a commitment to the future of our planet and the generations to come.\u00a0<\/span><\/p><p><span style=\"font-weight: 400;\">We are constantly looking for ways to improve and innovate in our projects as sustainable, so that we can continue to protect and preserve the environment while you deliver a memorable experience for our guests.\u00a0<\/span><\/p><p><strong>Join us on this journey towards a more green and sustainable way!<\/strong><\/p>\t\t\t\t\t\t\t\t<\/div>\n\t\t\t\t<\/div>\n\t\t\t\t\t<\/div>\n\t\t\t\t<\/div>\n\t\t\t\t<\/div>","protected":false},"excerpt":{"rendered":"<p>sustentabilidade Reservas Teste Hotel * RecifeNatalFortaleza Adultos * Crian\u00e7as Check In * Check Out * Crian\u00e7a 1 Crian\u00e7a 2 Reservar Se voc\u00ea \u00e9 humano, deixe este campo em branco. Compromisso com a Sustentabilidade Estamos comprometidos com pr\u00e1ticas sustent\u00e1veis que ajudam a preservar o meio ambiente e contribuem para um futuro mais verde e saud\u00e1vel.\u00a0 Energia Renov\u00e1vel Todas as nossas unidades utilizam energia solar, como fonte limpa de energia, para minimizar nosso impacto no meio ambiente e ajudar a promover um futuro sustent\u00e1vel para nossa comunidade. Continuamos a investir em fontes alternativas de energia para aumentar essa porcentagem e tornar nossos hoteis ainda mais sustent\u00e1veis no futuro. Aqui est\u00e3o algumas das iniciativas que implementamos em nossos hot\u00e9is em Natal, Recife e Fortaleza: Natal: 100% Energia Renov\u00e1vel Recife: 30% Energia Renov\u00e1vel Fortaleza: 40% Energia Renov\u00e1vel \u00a0 Isso n\u00e3o s\u00f3 reduz o consumo de pl\u00e1stico e gera\u00e7\u00e3o de lixo, mas tamb\u00e9m promove uma experi\u00eancia mais sustent\u00e1vel para nossos h\u00f3spedes. Al\u00e9m disso, implementamos as seguintes medidas em todos os nossos hot\u00e9is: Substitui\u00e7\u00e3o das Embalagens Individuais de Amenities por Dispensers nos Apartamentos: Reduzimos o desperd\u00edcio de pl\u00e1stico substituindo as embalagens individuais de amenities por dispensers em todos os nossos apartamentos. Isso n\u00e3o s\u00f3 reduz o consumo de pl\u00e1stico, mas tamb\u00e9m promove uma experi\u00eancia mais sustent\u00e1vel para nossos h\u00f3spedes. Substitui\u00e7\u00e3o de Canudos de Pl\u00e1stico por\u00a0Canudos Biodegrad\u00e1veis.: Em nossos bares e restaurantes, eliminamos os canudos de pl\u00e1stico e optamos por canudos biodegrad\u00e1veis feitos de materiais sustent\u00e1veis. Essa simples mudan\u00e7a ajuda a reduzir a polui\u00e7\u00e3o pl\u00e1stica em nossas praias e oceanos. Substitui\u00e7\u00e3o de Palhetas de Caf\u00e9 de Pl\u00e1stico por Palhetas de Bambu: Essa simples mudan\u00e7a ajuda a reduzir a polui\u00e7\u00e3o pl\u00e1stica em nossas praias e oceanos. Uso 100% de L\u00e2mpadas de LED: Em todas as nossas instala\u00e7\u00f5es, utilizamos exclusivamente l\u00e2mpadas de LED, que s\u00e3o mais eficientes em termos energ\u00e9ticos e t\u00eam uma vida \u00fatil mais longa do que as l\u00e2mpadas tradicionais. Isso n\u00e3o s\u00f3 reduz nosso consumo de energia, mas tamb\u00e9m diminui nossa pegada de carbono. \u00a0 No Villa Park Hotel, a sustentabilidade \u00e9 mais do que uma pr\u00e1tica &#8211; \u00e9 um compromisso com o futuro do nosso planeta e das gera\u00e7\u00f5es futuras.\u00a0 Estamos constantemente buscando maneiras de melhorar e inovar em nossas iniciativas sustent\u00e1veis, para que possamos continuar a proteger e preservar nosso meio ambiente enquanto proporcionamos experi\u00eancias memor\u00e1veis aos nossos h\u00f3spedes.\u00a0 Junte-se a n\u00f3s nessa jornada rumo a um futuro mais verde e sustent\u00e1vel!<\/p>","protected":false},"author":1,"featured_media":0,"parent":0,"menu_order":0,"comment_status":"closed","ping_status":"closed","template":"elementor_header_footer","meta":{"_seopress_robots_primary_cat":"","_seopress_titles_title":"","_seopress_titles_desc":"","_seopress_robots_index":"","footnotes":""},"class_list":["post-501","page","type-page","status-publish","hentry"],"_links":{"self":[{"href":"https:\/\/villaparkhotel.com.br\/en\/wp-json\/wp\/v2\/pages\/501","targetHints":{"allow":["GET"]}}],"collection":[{"href":"https:\/\/villaparkhotel.com.br\/en\/wp-json\/wp\/v2\/pages"}],"about":[{"href":"https:\/\/villaparkhotel.com.br\/en\/wp-json\/wp\/v2\/types\/page"}],"author":[{"embeddable":true,"href":"https:\/\/villaparkhotel.com.br\/en\/wp-json\/wp\/v2\/users\/1"}],"replies":[{"embeddable":true,"href":"https:\/\/villaparkhotel.com.br\/en\/wp-json\/wp\/v2\/comments?post=501"}],"version-history":[{"count":19,"href":"https:\/\/villaparkhotel.com.br\/en\/wp-json\/wp\/v2\/pages\/501\/revisions"}],"predecessor-version":[{"id":2540,"href":"https:\/\/villaparkhotel.com.br\/en\/wp-json\/wp\/v2\/pages\/501\/revisions\/2540"}],"wp:attachment":[{"href":"https:\/\/villaparkhotel.com.br\/en\/wp-json\/wp\/v2\/media?parent=501"}],"curies":[{"name":"wp","href":"https:\/\/api.w.org\/{rel}","templated":true}]}}